{"id":2650,"date":"2026-03-25T17:49:57","date_gmt":"2026-03-25T17:49:57","guid":{"rendered":"https:\/\/panorama.bluewhiteagency.com\/?page_id=2650"},"modified":"2026-03-25T17:49:59","modified_gmt":"2026-03-25T17:49:59","slug":"impressum","status":"publish","type":"page","link":"https:\/\/panorama.bluewhiteagency.com\/en\/impressum\/","title":{"rendered":"Impressum"},"content":{"rendered":"<p>Angaben gem\u00e4\u00df&nbsp;\u00a7 5 DDG:<\/p>\n\n\n\n<p>Panorama Hotel &#8222;Am Frankenstein&#8220;<\/p>\n\n\n\n<p>36433 Moorgrund\/OT Witzelroda<\/p>\n\n\n\n<p>Telefon: (0 36 95) 8 58 57-0<\/p>\n\n\n\n<p>Telefax: (0 36 95) 8 58 57-20<\/p>\n\n\n\n<p><a href=\"mailto:info@panoramahotel-am-frankenstein.de&#8232;\">info@panoramahotel-am-frankenstein.de<\/a><br><\/p>\n\n\n\n<p>Inhaberin: Karina Handschuhmacher<\/p>\n\n\n\n<p>Aufsichtsbeh\u00f6rde:<\/p>\n\n\n\n<p>Gewerbeamt Wartburgkreis &#8211; Sitz: 36433 Bad Salzungen<\/p>\n\n\n\n<p>USt.-ID.-Nr.: DE 224 766 285<\/p>\n\n\n\n<h2 class=\"wp-block-heading\">Gestaltung &amp; Umsetzung:<\/h2>\n\n\n\n<figure class=\"wp-block-image\"><a href=\"https:\/\/www.werbeagentur-ideenwert.de\/\" target=\"_blank\" rel=\"noreferrer noopener\"><img decoding=\"async\" src=\"https:\/\/www.werbeagentur-ideenwert.de\/_images\/ideenwert-logo\/typo3-agentur-thueringen-330.jpg\" alt=\"Ihre TYPO3-Agentur in Th\u00fcringen\"\/><\/a><\/figure>\n\n\n\n<p><a target=\"_blank\" href=\"https:\/\/www.werbeagentur-ideenwert.de\/\" rel=\"noreferrer noopener\"><strong>Werbeagentur ideenwert<\/strong><br>TYPO3-Agentur Th\u00fcringen<\/a><\/p>\n\n\n\n<h2 class=\"wp-block-heading\"><a href=\"Haftungsausschluss:\">S<\/a>erver-Log-Files<\/h2>\n\n\n\n<p><strong>Haftung f\u00fcr Inhalte<\/strong><\/p>\n\n\n\n<p>Die Inhalte unserer Seiten wurden mit gr\u00f6\u00dfter Sorgfalt erstellt. F\u00fcr die Richtigkeit, Vollst\u00e4ndigkeit und Aktualit\u00e4t der Inhalte k\u00f6nnen wir jedoch keine Gew\u00e4hr \u00fcbernehmen. Als Diensteanbieter sind wir gem\u00e4\u00df \u00a7 7 Abs.1 TMG f\u00fcr eigene Inhalte auf diesen Seiten nach den allgemeinen Gesetzen verantwortlich. Nach \u00a7\u00a7 8 bis 10 TMG sind wir als Diensteanbieter jedoch nicht verpflichtet, \u00fcbermittelte oder gespeicherte fremde Informationen zu \u00fcberwachen oder nach Umst\u00e4nden zu forschen, die auf eine rechtswidrige T\u00e4tigkeit hinweisen. Verpflichtungen zur Entfernung oder Sperrung der Nutzung von Informationen nach den allgemeinen Gesetzen bleiben hiervon unber\u00fchrt. Eine diesbez\u00fcgliche Haftung ist jedoch erst ab dem Zeitpunkt der Kenntnis einer konkreten Rechtsverletzung m\u00f6glich. Bei Bekanntwerden von entsprechenden Rechtsverletzungen werden wir diese Inhalte umgehend entfernen.<br><\/p>\n\n\n\n<p><strong>Haftung f\u00fcr Links<\/strong><\/p>\n\n\n\n<p>Unser Angebot enth\u00e4lt Links zu externen Webseiten Dritter, auf deren Inhalte wir keinen Einfluss haben. Deshalb k\u00f6nnen wir f\u00fcr diese fremden Inhalte auch keine Gew\u00e4hr \u00fcbernehmen. F\u00fcr die Inhalte der verlinkten Seiten ist stets der jeweilige Anbieter oder Betreiber der Seiten verantwortlich. Die verlinkten Seiten wurden zum Zeitpunkt der Verlinkung auf m\u00f6gliche Rechtsverst\u00f6\u00dfe \u00fcberpr\u00fcft. Rechtswidrige Inhalte waren zum Zeitpunkt der Verlinkung nicht erkennbar. Eine permanente inhaltliche Kontrolle der verlinkten Seiten ist jedoch ohne konkrete Anhaltspunkte einer Rechtsverletzung nicht zumutbar. Bei Bekanntwerden von Rechtsverletzungen werden wir derartige Links umgehend entfernen.<br><br><strong>Urheberrecht<\/strong><\/p>\n\n\n\n<p>Die durch die Seitenbetreiber erstellten Inhalte und Werke auf diesen Seiten unterliegen dem deutschen Urheberrecht. Die Vervielf\u00e4ltigung, Bearbeitung, Verbreitung und jede Art der Verwertung au\u00dferhalb der Grenzen des Urheberrechtes bed\u00fcrfen der schriftlichen Zustimmung des jeweiligen Autors bzw. Erstellers. Downloads und Kopien dieser Seite sind nur f\u00fcr den privaten, nicht kommerziellen Gebrauch gestattet. Soweit die Inhalte auf dieser Seite nicht vom Betreiber erstellt wurden, werden die Urheberrechte Dritter beachtet. Insbesondere werden Inhalte Dritter als solche gekennzeichnet. Sollten Sie trotzdem auf eine Urheberrechtsverletzung aufmerksam werden, bitten wir um einen entsprechenden Hinweis. Bei Bekanntwerden von Rechtsverletzungen werden wir derartige Inhalte umgehend entfernen.<\/p>\n\n\n\n<p><br><strong>Datenschutz<\/strong><\/p>\n\n\n\n<p>Die Nutzung unserer Webseite ist in der Regel ohne Angabe personenbezogener Daten m\u00f6glich. Soweit auf unseren Seiten personenbezogene Daten (beispielsweise Name, Anschrift oder eMail-Adressen) erhoben werden, erfolgt dies, soweit m\u00f6glich, stets auf freiwilliger Basis. Diese Daten werden ohne Ihre ausdr\u00fcckliche Zustimmung nicht an Dritte weitergegeben.<\/p>\n\n\n\n<p>Wir weisen darauf hin, dass die Daten\u00fcbertragung im Internet (z.B. bei der Kommunikation per E-Mail) Sicherheitsl\u00fccken aufweisen kann. Ein l\u00fcckenloser Schutz der Daten vor dem Zugriff durch Dritte ist nicht m\u00f6glich.<\/p>\n\n\n\n<p>Der Nutzung von im Rahmen der Impressumspflicht ver\u00f6ffentlichten Kontaktdaten durch Dritte zur \u00dcbersendung von nicht ausdr\u00fccklich angeforderter Werbung und Informationsmaterialien wird hiermit ausdr\u00fccklich widersprochen. Die Betreiber der Seiten behalten sich ausdr\u00fccklich rechtliche Schritte im Falle der unverlangten Zusendung von Werbeinformationen, etwa durch Spam-Mails, vor.<\/p>\n\n\n\n<p><br>Quelle:\u00a0<em><a href=\"http:\/\/www.e-recht24.de\/muster-disclaimer.htm\" target=\"_blank\" rel=\"noreferrer noopener\">Disclaimer<\/a>\u00a0von eRecht24, dem Portal zum Internetrecht von\u00a0<a href=\"http:\/\/www.e-recht24.de\/\" target=\"_blank\" rel=\"noreferrer noopener\">Rechtsanwalt<\/a>\u00a0S\u00f6ren Siebert.<\/em><\/p>\n\n\n\n<h2 class=\"wp-block-heading\">Analyse dieser Website<\/h2>\n\n\n\n<p>Diese Website benutzt\u00a0<a href=\"http:\/\/piwik.org\/\" target=\"_blank\" rel=\"noreferrer noopener\">Piwik<\/a>, eine Open-Source-Software zur statistischen Auswertung der Besucherzugriffe. Piwik verwendet sog. \u201cCookies\u201d, Textdateien, die auf Ihrem Computer gespeichert werden und die eine Analyse der Benutzung der Website durch Sie erm\u00f6glichen. Die durch den Cookie erzeugten Informationen \u00fcber Ihre Benutzung dieses Internetangebotes werden auf dem Server des Anbieters in Deutschland gespeichert. Die IP-Adresse wird sofort nach der Verarbeitung und vor deren Speicherung anonymisiert. Sie k\u00f6nnen die Installation der Cookies durch eine entsprechende Einstellung Ihrer Browser-Software verhindern; wir weisen Sie jedoch darauf hin, dass Sie in diesem Fall gegebenenfalls nicht s\u00e4mtliche Funktionen dieser Website vollumf\u00e4nglich nutzen k\u00f6nnen.<\/p>","protected":false},"excerpt":{"rendered":"<p>Angaben gem\u00e4\u00df&nbsp;\u00a7 5 DDG: Panorama Hotel &#8222;Am Frankenstein&#8220; 36433 Moorgrund\/OT Witzelroda Telefon: (0 36 95) 8 58 57-0 Telefax: (0 36 95) 8 58 57-20 info@panoramahotel-am-frankenstein.de Inhaberin: Karina Handschuhmacher Aufsichtsbeh\u00f6rde: Gewerbeamt Wartburgkreis &#8211; Sitz: 36433 Bad Salzungen USt.-ID.-Nr.: DE 224 766 285 Gestaltung &amp; Umsetzung: Werbeagentur ideenwertTYPO3-Agentur Th\u00fcringen Server-Log-Files Haftung f\u00fcr Inhalte Die Inhalte unserer [&hellip;]<\/p>\n","protected":false},"author":1,"featured_media":0,"parent":0,"menu_order":0,"comment_status":"closed","ping_status":"open","template":"","meta":{"footnotes":""},"class_list":["post-2650","page","type-page","status-publish","hentry"],"yoast_head":"<!-- This site is optimized with the Yoast SEO plugin v27.2 - https:\/\/yoast.com\/product\/yoast-seo-wordpress\/ -->\n<title>Impressum - TEST Panorama-Hotel<\/title>\n<meta name=\"robots\" content=\"noindex, follow, max-snippet:-1, max-image-preview:large, max-video-preview:-1\" \/>\n<meta property=\"og:locale\" content=\"en_GB\" \/>\n<meta property=\"og:type\" content=\"article\" \/>\n<meta property=\"og:title\" content=\"Impressum - TEST Panorama-Hotel\" \/>\n<meta property=\"og:description\" content=\"Angaben gem\u00e4\u00df&nbsp;\u00a7 5 DDG: Panorama Hotel &#8222;Am Frankenstein&#8220; 36433 Moorgrund\/OT Witzelroda Telefon: (0 36 95) 8 58 57-0 Telefax: (0 36 95) 8 58 57-20 info@panoramahotel-am-frankenstein.de Inhaberin: Karina Handschuhmacher Aufsichtsbeh\u00f6rde: Gewerbeamt Wartburgkreis &#8211; Sitz: 36433 Bad Salzungen USt.-ID.-Nr.: DE 224 766 285 Gestaltung &amp; Umsetzung: Werbeagentur ideenwertTYPO3-Agentur Th\u00fcringen Server-Log-Files Haftung f\u00fcr Inhalte Die Inhalte unserer [&hellip;]\" \/>\n<meta property=\"og:url\" content=\"https:\/\/panorama.bluewhiteagency.com\/en\/impressum\/\" \/>\n<meta property=\"og:site_name\" content=\"TEST Panorama-Hotel\" \/>\n<meta property=\"article:modified_time\" content=\"2026-03-25T17:49:59+00:00\" \/>\n<meta property=\"og:image\" content=\"https:\/\/www.werbeagentur-ideenwert.de\/_images\/ideenwert-logo\/typo3-agentur-thueringen-330.jpg\" \/>\n<meta name=\"twitter:card\" content=\"summary_large_image\" \/>\n<meta name=\"twitter:label1\" content=\"Estimated reading time\" \/>\n\t<meta name=\"twitter:data1\" content=\"3 minutes\" \/>\n<script type=\"application\/ld+json\" class=\"yoast-schema-graph\">{\"@context\":\"https:\/\/schema.org\",\"@graph\":[{\"@type\":\"WebPage\",\"@id\":\"https:\/\/panorama.bluewhiteagency.com\/impressum\/\",\"url\":\"https:\/\/panorama.bluewhiteagency.com\/impressum\/\",\"name\":\"Impressum - TEST Panorama-Hotel\",\"isPartOf\":{\"@id\":\"https:\/\/panorama.bluewhiteagency.com\/#website\"},\"primaryImageOfPage\":{\"@id\":\"https:\/\/panorama.bluewhiteagency.com\/impressum\/#primaryimage\"},\"image\":{\"@id\":\"https:\/\/panorama.bluewhiteagency.com\/impressum\/#primaryimage\"},\"thumbnailUrl\":\"https:\/\/www.werbeagentur-ideenwert.de\/_images\/ideenwert-logo\/typo3-agentur-thueringen-330.jpg\",\"datePublished\":\"2026-03-25T17:49:57+00:00\",\"dateModified\":\"2026-03-25T17:49:59+00:00\",\"breadcrumb\":{\"@id\":\"https:\/\/panorama.bluewhiteagency.com\/impressum\/#breadcrumb\"},\"inLanguage\":\"en-GB\",\"potentialAction\":[{\"@type\":\"ReadAction\",\"target\":[\"https:\/\/panorama.bluewhiteagency.com\/impressum\/\"]}]},{\"@type\":\"ImageObject\",\"inLanguage\":\"en-GB\",\"@id\":\"https:\/\/panorama.bluewhiteagency.com\/impressum\/#primaryimage\",\"url\":\"https:\/\/www.werbeagentur-ideenwert.de\/_images\/ideenwert-logo\/typo3-agentur-thueringen-330.jpg\",\"contentUrl\":\"https:\/\/www.werbeagentur-ideenwert.de\/_images\/ideenwert-logo\/typo3-agentur-thueringen-330.jpg\"},{\"@type\":\"BreadcrumbList\",\"@id\":\"https:\/\/panorama.bluewhiteagency.com\/impressum\/#breadcrumb\",\"itemListElement\":[{\"@type\":\"ListItem\",\"position\":1,\"name\":\"Home\",\"item\":\"https:\/\/panorama.bluewhiteagency.com\/\"},{\"@type\":\"ListItem\",\"position\":2,\"name\":\"Impressum\"}]},{\"@type\":\"WebSite\",\"@id\":\"https:\/\/panorama.bluewhiteagency.com\/#website\",\"url\":\"https:\/\/panorama.bluewhiteagency.com\/\",\"name\":\"TEST Panorama-Hotel\",\"description\":\"My WordPress Blog\",\"potentialAction\":[{\"@type\":\"SearchAction\",\"target\":{\"@type\":\"EntryPoint\",\"urlTemplate\":\"https:\/\/panorama.bluewhiteagency.com\/?s={search_term_string}\"},\"query-input\":{\"@type\":\"PropertyValueSpecification\",\"valueRequired\":true,\"valueName\":\"search_term_string\"}}],\"inLanguage\":\"en-GB\"}]}<\/script>\n<!-- \/ Yoast SEO plugin. -->","yoast_head_json":{"title":"Impressum - TEST Panorama-Hotel","robots":{"index":"noindex","follow":"follow","max-snippet":"max-snippet:-1","max-image-preview":"max-image-preview:large","max-video-preview":"max-video-preview:-1"},"og_locale":"en_GB","og_type":"article","og_title":"Impressum - TEST Panorama-Hotel","og_description":"Angaben gem\u00e4\u00df&nbsp;\u00a7 5 DDG: Panorama Hotel &#8222;Am Frankenstein&#8220; 36433 Moorgrund\/OT Witzelroda Telefon: (0 36 95) 8 58 57-0 Telefax: (0 36 95) 8 58 57-20 info@panoramahotel-am-frankenstein.de Inhaberin: Karina Handschuhmacher Aufsichtsbeh\u00f6rde: Gewerbeamt Wartburgkreis &#8211; Sitz: 36433 Bad Salzungen USt.-ID.-Nr.: DE 224 766 285 Gestaltung &amp; Umsetzung: Werbeagentur ideenwertTYPO3-Agentur Th\u00fcringen Server-Log-Files Haftung f\u00fcr Inhalte Die Inhalte unserer [&hellip;]","og_url":"https:\/\/panorama.bluewhiteagency.com\/en\/impressum\/","og_site_name":"TEST Panorama-Hotel","article_modified_time":"2026-03-25T17:49:59+00:00","og_image":[{"url":"https:\/\/www.werbeagentur-ideenwert.de\/_images\/ideenwert-logo\/typo3-agentur-thueringen-330.jpg","type":"","width":"","height":""}],"twitter_card":"summary_large_image","twitter_misc":{"Estimated reading time":"3 minutes"},"schema":{"@context":"https:\/\/schema.org","@graph":[{"@type":"WebPage","@id":"https:\/\/panorama.bluewhiteagency.com\/impressum\/","url":"https:\/\/panorama.bluewhiteagency.com\/impressum\/","name":"Impressum - TEST Panorama-Hotel","isPartOf":{"@id":"https:\/\/panorama.bluewhiteagency.com\/#website"},"primaryImageOfPage":{"@id":"https:\/\/panorama.bluewhiteagency.com\/impressum\/#primaryimage"},"image":{"@id":"https:\/\/panorama.bluewhiteagency.com\/impressum\/#primaryimage"},"thumbnailUrl":"https:\/\/www.werbeagentur-ideenwert.de\/_images\/ideenwert-logo\/typo3-agentur-thueringen-330.jpg","datePublished":"2026-03-25T17:49:57+00:00","dateModified":"2026-03-25T17:49:59+00:00","breadcrumb":{"@id":"https:\/\/panorama.bluewhiteagency.com\/impressum\/#breadcrumb"},"inLanguage":"en-GB","potentialAction":[{"@type":"ReadAction","target":["https:\/\/panorama.bluewhiteagency.com\/impressum\/"]}]},{"@type":"ImageObject","inLanguage":"en-GB","@id":"https:\/\/panorama.bluewhiteagency.com\/impressum\/#primaryimage","url":"https:\/\/www.werbeagentur-ideenwert.de\/_images\/ideenwert-logo\/typo3-agentur-thueringen-330.jpg","contentUrl":"https:\/\/www.werbeagentur-ideenwert.de\/_images\/ideenwert-logo\/typo3-agentur-thueringen-330.jpg"},{"@type":"BreadcrumbList","@id":"https:\/\/panorama.bluewhiteagency.com\/impressum\/#breadcrumb","itemListElement":[{"@type":"ListItem","position":1,"name":"Home","item":"https:\/\/panorama.bluewhiteagency.com\/"},{"@type":"ListItem","position":2,"name":"Impressum"}]},{"@type":"WebSite","@id":"https:\/\/panorama.bluewhiteagency.com\/#website","url":"https:\/\/panorama.bluewhiteagency.com\/","name":"TEST Panorama-Hotel","description":"My WordPress Blog","potentialAction":[{"@type":"SearchAction","target":{"@type":"EntryPoint","urlTemplate":"https:\/\/panorama.bluewhiteagency.com\/?s={search_term_string}"},"query-input":{"@type":"PropertyValueSpecification","valueRequired":true,"valueName":"search_term_string"}}],"inLanguage":"en-GB"}]}},"_links":{"self":[{"href":"https:\/\/panorama.bluewhiteagency.com\/en\/wp-json\/wp\/v2\/pages\/2650","targetHints":{"allow":["GET"]}}],"collection":[{"href":"https:\/\/panorama.bluewhiteagency.com\/en\/wp-json\/wp\/v2\/pages"}],"about":[{"href":"https:\/\/panorama.bluewhiteagency.com\/en\/wp-json\/wp\/v2\/types\/page"}],"author":[{"embeddable":true,"href":"https:\/\/panorama.bluewhiteagency.com\/en\/wp-json\/wp\/v2\/users\/1"}],"replies":[{"embeddable":true,"href":"https:\/\/panorama.bluewhiteagency.com\/en\/wp-json\/wp\/v2\/comments?post=2650"}],"version-history":[{"count":1,"href":"https:\/\/panorama.bluewhiteagency.com\/en\/wp-json\/wp\/v2\/pages\/2650\/revisions"}],"predecessor-version":[{"id":2651,"href":"https:\/\/panorama.bluewhiteagency.com\/en\/wp-json\/wp\/v2\/pages\/2650\/revisions\/2651"}],"wp:attachment":[{"href":"https:\/\/panorama.bluewhiteagency.com\/en\/wp-json\/wp\/v2\/media?parent=2650"}],"curies":[{"name":"wp","href":"https:\/\/api.w.org\/{rel}","templated":true}]}}