{"id":2614,"date":"2026-03-25T15:39:14","date_gmt":"2026-03-25T15:39:14","guid":{"rendered":"https:\/\/panorama.bluewhiteagency.com\/?page_id=2614"},"modified":"2026-03-31T08:33:17","modified_gmt":"2026-03-31T08:33:17","slug":"kontakt","status":"publish","type":"page","link":"https:\/\/panorama.bluewhiteagency.com\/en\/kontakt\/","title":{"rendered":"Contact"},"content":{"rendered":"<div data-elementor-type=\"wp-page\" data-elementor-id=\"2614\" class=\"elementor elementor-2614\">\n\t\t\t\t<div class=\"elementor-element elementor-element-2b06f0e e-flex e-con-boxed e-con e-parent\" data-id=\"2b06f0e\" data-element_type=\"container\" data-e-type=\"container\">\n\t\t\t\t\t<div class=\"e-con-inner\">\n\t\t<div class=\"elementor-element elementor-element-2a5eb57 e-con-full e-flex e-con e-child\" data-id=\"2a5eb57\" data-element_type=\"container\" data-e-type=\"container\">\n\t\t\t\t<div class=\"elementor-element elementor-element-790a109 elementor-widget elementor-widget-image\" data-id=\"790a109\" data-element_type=\"widget\" data-e-type=\"widget\" data-widget_type=\"image.default\">\n\t\t\t\t\t\t\t\t\t\t\t\t\t\t\t<img decoding=\"async\" width=\"1\" height=\"1\" src=\"https:\/\/panorama.bluewhiteagency.com\/wp-content\/uploads\/2026\/03\/Panorama-logo.svg\" class=\"attachment-large size-large wp-image-2187\" alt=\"\" \/>\t\t\t\t\t\t\t\t\t\t\t\t\t\t\t<\/div>\n\t\t\t\t<div class=\"elementor-element elementor-element-e1e9d48 elementor-widget elementor-widget-qi_addons_for_elementor_animated_text\" data-id=\"e1e9d48\" data-element_type=\"widget\" data-e-type=\"widget\" data-widget_type=\"qi_addons_for_elementor_animated_text.default\">\n\t\t\t\t<div class=\"elementor-widget-container\">\n\t\t\t\t\t<div class=\"qodef-shortcode qodef-m qodef-qi-animated-text qodef--alignment-left qodef-qi--has-appear qodef--appear-from-bottom\" >\n\t\t<h2 class=\"qodef-m-title\">\n\t\tPanorama Hotel \u201cAm Frankenstein\u201d\t<\/h2>\n<\/div>\n\t\t\t\t<\/div>\n\t\t\t\t<\/div>\n\t\t\t\t<div class=\"elementor-element elementor-element-3ef4e88 elementor-icon-list--layout-traditional elementor-list-item-link-full_width elementor-widget elementor-widget-icon-list\" data-id=\"3ef4e88\" data-element_type=\"widget\" data-e-type=\"widget\" data-widget_type=\"icon-list.default\">\n\t\t\t\t\t\t\t<ul class=\"elementor-icon-list-items\">\n\t\t\t\t\t\t\t<li class=\"elementor-icon-list-item\">\n\t\t\t\t\t\t\t\t\t\t\t<span class=\"elementor-icon-list-icon\">\n\t\t\t\t\t\t\t<svg aria-hidden=\"true\" class=\"e-font-icon-svg e-fas-map-marker-alt\" viewbox=\"0 0 384 512\" xmlns=\"http:\/\/www.w3.org\/2000\/svg\"><path d=\"M172.268 501.67C26.97 291.031 0 269.413 0 192 0 85.961 85.961 0 192 0s192 85.961 192 192c0 77.413-26.97 99.031-172.268 309.67-9.535 13.774-29.93 13.773-39.464 0zM192 272c44.183 0 80-35.817 80-80s-35.817-80-80-80-80 35.817-80 80 35.817 80 80 80z\"><\/path><\/svg>\t\t\t\t\t\t<\/span>\n\t\t\t\t\t\t\t\t\t\t<span class=\"elementor-icon-list-text\">Salzunger Stra\u00dfe 100 <br>36433 Bad Salzungen OT Witzelroda<\/span>\n\t\t\t\t\t\t\t\t\t<\/li>\n\t\t\t\t\t\t\t\t<li class=\"elementor-icon-list-item\">\n\t\t\t\t\t\t\t\t\t\t\t<a href=\"tel:+49%203695%20858570\">\n\n\t\t\t\t\t\t\t\t\t\t\t\t<span class=\"elementor-icon-list-icon\">\n\t\t\t\t\t\t\t<svg aria-hidden=\"true\" class=\"e-font-icon-svg e-fas-phone-alt\" viewbox=\"0 0 512 512\" xmlns=\"http:\/\/www.w3.org\/2000\/svg\"><path d=\"M497.39 361.8l-112-48a24 24 0 0 0-28 6.9l-49.6 60.6A370.66 370.66 0 0 1 130.6 204.11l60.6-49.6a23.94 23.94 0 0 0 6.9-28l-48-112A24.16 24.16 0 0 0 122.6.61l-104 24A24 24 0 0 0 0 48c0 256.5 207.9 464 464 464a24 24 0 0 0 23.4-18.6l24-104a24.29 24.29 0 0 0-14.01-27.6z\"><\/path><\/svg>\t\t\t\t\t\t<\/span>\n\t\t\t\t\t\t\t\t\t\t<span class=\"elementor-icon-list-text\">+49 3695 858570<\/span>\n\t\t\t\t\t\t\t\t\t\t\t<\/a>\n\t\t\t\t\t\t\t\t\t<\/li>\n\t\t\t\t\t\t\t\t<li class=\"elementor-icon-list-item\">\n\t\t\t\t\t\t\t\t\t\t\t<a href=\"mailto:info@panoramahotel-am-frankenstein.de\">\n\n\t\t\t\t\t\t\t\t\t\t\t\t<span class=\"elementor-icon-list-icon\">\n\t\t\t\t\t\t\t<svg aria-hidden=\"true\" class=\"e-font-icon-svg e-fas-envelope\" viewbox=\"0 0 512 512\" xmlns=\"http:\/\/www.w3.org\/2000\/svg\"><path d=\"M502.3 190.8c3.9-3.1 9.7-.2 9.7 4.7V400c0 26.5-21.5 48-48 48H48c-26.5 0-48-21.5-48-48V195.6c0-5 5.7-7.8 9.7-4.7 22.4 17.4 52.1 39.5 154.1 113.6 21.1 15.4 56.7 47.8 92.2 47.6 35.7.3 72-32.8 92.3-47.6 102-74.1 131.6-96.3 154-113.7zM256 320c23.2.4 56.6-29.2 73.4-41.4 132.7-96.3 142.8-104.7 173.4-128.7 5.8-4.5 9.2-11.5 9.2-18.9v-19c0-26.5-21.5-48-48-48H48C21.5 64 0 85.5 0 112v19c0 7.4 3.4 14.3 9.2 18.9 30.6 23.9 40.7 32.4 173.4 128.7 16.8 12.2 50.2 41.8 73.4 41.4z\"><\/path><\/svg>\t\t\t\t\t\t<\/span>\n\t\t\t\t\t\t\t\t\t\t<span class=\"elementor-icon-list-text\">info@panoramahotel-am-frankenstein.de<\/span>\n\t\t\t\t\t\t\t\t\t\t\t<\/a>\n\t\t\t\t\t\t\t\t\t<\/li>\n\t\t\t\t\t\t<\/ul>\n\t\t\t\t\t\t<\/div>\n\t\t\t\t<div class=\"elementor-element elementor-element-edd0260 elementor-widget elementor-widget-qi_addons_for_elementor_animated_text\" data-id=\"edd0260\" data-element_type=\"widget\" data-e-type=\"widget\" data-widget_type=\"qi_addons_for_elementor_animated_text.default\">\n\t\t\t\t<div class=\"elementor-widget-container\">\n\t\t\t\t\t<div class=\"qodef-shortcode qodef-m qodef-qi-animated-text qodef--alignment-left qodef-qi--has-appear qodef--appear-from-bottom\" >\n\t\t<h2 class=\"qodef-m-title\">\n\t\tRestaurant Opening Hours\t<\/h2>\n<\/div>\n\t\t\t\t<\/div>\n\t\t\t\t<\/div>\n\t\t\t\t<div class=\"elementor-element elementor-element-436e82d elementor-icon-list--layout-traditional elementor-list-item-link-full_width elementor-widget elementor-widget-icon-list\" data-id=\"436e82d\" data-element_type=\"widget\" data-e-type=\"widget\" data-widget_type=\"icon-list.default\">\n\t\t\t\t\t\t\t<ul class=\"elementor-icon-list-items\">\n\t\t\t\t\t\t\t<li class=\"elementor-icon-list-item\">\n\t\t\t\t\t\t\t\t\t\t<span class=\"elementor-icon-list-text\">Wednesday \u2013 Saturday\n from 5:00 PM<\/span>\n\t\t\t\t\t\t\t\t\t<\/li>\n\t\t\t\t\t\t\t\t<li class=\"elementor-icon-list-item\">\n\t\t\t\t\t\t\t\t\t\t<span class=\"elementor-icon-list-text\">Sunday\n from 11:30 AM<\/span>\n\t\t\t\t\t\t\t\t\t<\/li>\n\t\t\t\t\t\t<\/ul>\n\t\t\t\t\t\t<\/div>\n\t\t\t\t<div class=\"elementor-element elementor-element-92c0d0e elementor-widget elementor-widget-text-editor\" data-id=\"92c0d0e\" data-element_type=\"widget\" data-e-type=\"widget\" data-widget_type=\"text-editor.default\">\n\t\t\t\t\t\t\t\t\t<p><span style=\"font-weight: 400;\">Group dining can also be arranged on request outside regular opening days.<\/span><\/p>\t\t\t\t\t\t\t\t<\/div>\n\t\t\t\t<\/div>\n\t\t<div class=\"elementor-element elementor-element-99993e1 e-con-full e-flex e-con e-child\" data-id=\"99993e1\" data-element_type=\"container\" data-e-type=\"container\" data-settings=\"{&quot;background_background&quot;:&quot;classic&quot;}\">\n\t\t\t\t<div class=\"elementor-element elementor-element-a37dbb9 elementor-widget elementor-widget-spacer\" data-id=\"a37dbb9\" data-element_type=\"widget\" data-e-type=\"widget\" data-widget_type=\"spacer.default\">\n\t\t\t\t\t\t\t<div class=\"elementor-spacer\">\n\t\t\t<div class=\"elementor-spacer-inner\"><\/div>\n\t\t<\/div>\n\t\t\t\t\t\t<\/div>\n\t\t\t\t<\/div>\n\t\t\t\t\t<\/div>\n\t\t\t\t<\/div>\n\t\t<div class=\"elementor-element elementor-element-6c5d284 e-con-full e-flex e-con e-parent\" data-id=\"6c5d284\" data-element_type=\"container\" data-e-type=\"container\">\n\t\t\t\t<div class=\"elementor-element elementor-element-785e8eb elementor-widget elementor-widget-google_maps\" data-id=\"785e8eb\" data-element_type=\"widget\" data-e-type=\"widget\" data-widget_type=\"google_maps.default\">\n\t\t\t\t\t\t\t<div class=\"elementor-custom-embed\">\n\t\t\t<iframe loading=\"lazy\"\n\t\t\t\t\tsrc=\"https:\/\/maps.google.com\/maps?q=Panorama%20Hotel%20Am%20Frankenstein&#038;t=m&#038;z=15&#038;output=embed&#038;iwloc=near\"\n\t\t\t\t\ttitle=\"Panorama Hotel Am Frankenstein\"\n\t\t\t\t\taria-label=\"Panorama Hotel Am Frankenstein\"\n\t\t\t><\/iframe>\n\t\t<\/div>\n\t\t\t\t\t\t<\/div>\n\t\t\t\t<\/div>\n\t\t<div class=\"elementor-element elementor-element-2d0cc9a e-flex e-con-boxed e-con e-parent\" data-id=\"2d0cc9a\" data-element_type=\"container\" data-e-type=\"container\" id=\"forma\">\n\t\t\t\t\t<div class=\"e-con-inner\">\n\t\t\t\t<div class=\"elementor-element elementor-element-8760d86 elementor-widget elementor-widget-heading\" data-id=\"8760d86\" data-element_type=\"widget\" data-e-type=\"widget\" data-widget_type=\"heading.default\">\n\t\t\t\t\t<span class=\"elementor-heading-title elementor-size-default\">Make an Event Request<\/span>\t\t\t\t<\/div>\n\t\t\t\t<div class=\"elementor-element elementor-element-e3d9350 elementor-widget elementor-widget-qi_addons_for_elementor_animated_text\" data-id=\"e3d9350\" data-element_type=\"widget\" data-e-type=\"widget\" data-widget_type=\"qi_addons_for_elementor_animated_text.default\">\n\t\t\t\t<div class=\"elementor-widget-container\">\n\t\t\t\t\t<div class=\"qodef-shortcode qodef-m qodef-qi-animated-text qodef--alignment-center qodef-qi--has-appear qodef--appear-from-bottom\" >\n\t\t<h2 class=\"qodef-m-title\">\n\t\tMAKE AN EVENT REQUEST\t<\/h2>\n<\/div>\n\t\t\t\t<\/div>\n\t\t\t\t<\/div>\n\t\t\t\t<div class=\"elementor-element elementor-element-5b0437f elementor-widget__width-initial elementor-widget elementor-widget-text-editor\" data-id=\"5b0437f\" data-element_type=\"widget\" data-e-type=\"widget\" data-widget_type=\"text-editor.default\">\n\t\t\t\t\t\t\t\t\t<p><span style=\"font-weight: 400;\">Tell us your event type, date and guest count.<\/span><\/p>\t\t\t\t\t\t\t\t<\/div>\n\t\t\t\t<div class=\"elementor-element elementor-element-fa02a50 elementor-widget elementor-widget-qi_addons_for_elementor_contact_form_7\" data-id=\"fa02a50\" data-element_type=\"widget\" data-e-type=\"widget\" data-widget_type=\"qi_addons_for_elementor_contact_form_7.default\">\n\t\t\t\t<div class=\"elementor-widget-container\">\n\t\t\t\t\t<div class=\"qodef-shortcode qodef-m qodef-qi-contact-form-7 qodef-button--full-width\">\n\t\n<div class=\"wpcf7 no-js\" id=\"wpcf7-f2168-o1\" lang=\"en-US\" dir=\"ltr\" data-wpcf7-id=\"2168\">\n<div class=\"screen-reader-response\"><p role=\"status\" aria-live=\"polite\" aria-atomic=\"true\"><\/p> <ul><\/ul><\/div>\n<form action=\"\/en\/wp-json\/wp\/v2\/pages\/2614#wpcf7-f2168-o1\" method=\"post\" class=\"wpcf7-form init\" aria-label=\"Contact form\" novalidate=\"novalidate\" data-status=\"init\" data-trp-original-action=\"\/en\/wp-json\/wp\/v2\/pages\/2614#wpcf7-f2168-o1\">\n<fieldset class=\"hidden-fields-container\"><input type=\"hidden\" name=\"_wpcf7\" value=\"2168\" \/><input type=\"hidden\" name=\"_wpcf7_version\" value=\"6.1.5\" \/><input type=\"hidden\" name=\"_wpcf7_locale\" value=\"en_US\" \/><input type=\"hidden\" name=\"_wpcf7_unit_tag\" value=\"wpcf7-f2168-o1\" \/><input type=\"hidden\" name=\"_wpcf7_container_post\" value=\"0\" \/><input type=\"hidden\" name=\"_wpcf7_posted_data_hash\" value=\"\" \/>\n<\/fieldset>\n<div class=\"qodef-grid qodef-layout--template\">\n<div class=\"qodef-grid-inner\">\n<div class=\"qodef-grid-item qodef-col--6\">\n <span class=\"wpcf7-form-control-wrap\" data-name=\"your-name\"><input size=\"40\" maxlength=\"400\" class=\"wpcf7-form-control wpcf7-text wpcf7-validates-as-required\" aria-required=\"true\" aria-invalid=\"false\" placeholder=\"Your name\" value=\"\" type=\"text\" name=\"your-name\" \/><\/span>\n<\/div>\n<div class=\"qodef-grid-item qodef-col--6\">\n <span class=\"wpcf7-form-control-wrap\" data-name=\"your-email\"><input size=\"40\" maxlength=\"400\" class=\"wpcf7-form-control wpcf7-email wpcf7-validates-as-required wpcf7-text wpcf7-validates-as-email\" aria-required=\"true\" aria-invalid=\"false\" placeholder=\"Your email\" value=\"\" type=\"email\" name=\"your-email\" \/><\/span>\n<\/div>\n<div class=\"qodef-grid-item qodef-col--12\">\n <span class=\"wpcf7-form-control-wrap\" data-name=\"tel-181\"><input size=\"40\" maxlength=\"400\" class=\"wpcf7-form-control wpcf7-tel wpcf7-validates-as-required wpcf7-text wpcf7-validates-as-tel\" aria-required=\"true\" aria-invalid=\"false\" placeholder=\"Your phone\" value=\"\" type=\"tel\" name=\"tel-181\" \/><\/span>\n<\/div>\n<div class=\"qodef-grid-item qodef-col--6\">\n <span class=\"wpcf7-form-control-wrap\" data-name=\"date-850\"><input class=\"wpcf7-form-control wpcf7-date wpcf7-validates-as-required wpcf7-validates-as-date\" aria-required=\"true\" aria-invalid=\"false\" value=\"\" type=\"date\" name=\"date-850\" \/><\/span>\n<\/div>\n<div class=\"qodef-grid-item qodef-col--6\">\n <span class=\"wpcf7-form-control-wrap\" data-name=\"gaste\"><input size=\"40\" maxlength=\"400\" class=\"wpcf7-form-control wpcf7-text wpcf7-validates-as-required\" aria-required=\"true\" aria-invalid=\"false\" placeholder=\"Number of guests\" value=\"\" type=\"text\" name=\"gaste\" \/><\/span>\n<\/div>\n<div class=\"qodef-grid-item qodef-col--12\">\n <span class=\"wpcf7-form-control-wrap\" data-name=\"your-message\"><textarea cols=\"40\" rows=\"10\" maxlength=\"2000\" class=\"wpcf7-form-control wpcf7-textarea\" aria-invalid=\"false\" placeholder=\"Event type and any wishes...\" name=\"your-message\"><\/textarea><\/span>\n<\/div>\n<div class=\"qodef-grid-item qodef-col--12\" style=\"margin-top: 27px;text-align: center;\">\n<button class=\"wpcf7-form-control wpcf7-submit qodef-size--large qodef-button qodef-size--normal qodef-type--filled qodef-m\" type=\"submit\"><span class=\"qodef-m-text\">Send Request<\/span><\/button>\n<\/div>\n<\/div>\n<\/div><div class=\"wpcf7-response-output\" aria-hidden=\"true\"><\/div>\n<input type=\"hidden\" name=\"trp-form-language\" value=\"en\"\/><\/form>\n<\/div>\n<\/div>\n\t\t\t\t<\/div>\n\t\t\t\t<\/div>\n\t\t\t\t<div class=\"elementor-element elementor-element-44be76c elementor-widget elementor-widget-heading\" data-id=\"44be76c\" data-element_type=\"widget\" data-e-type=\"widget\" data-widget_type=\"heading.default\">\n\t\t\t\t\t<span class=\"elementor-heading-title elementor-size-default\">Prefer a quick call?<\/span>\t\t\t\t<\/div>\n\t\t\t\t<div class=\"elementor-element elementor-element-34217a3 elementor-widget elementor-widget-heading\" data-id=\"34217a3\" data-element_type=\"widget\" data-e-type=\"widget\" data-widget_type=\"heading.default\">\n\t\t\t\t\t<h2 class=\"elementor-heading-title elementor-size-default\"><a href=\"tel:+49%203695%20858570\">+49 3695 858570<\/a><\/h2>\t\t\t\t<\/div>\n\t\t\t\t\t<\/div>\n\t\t\t\t<\/div>\n\t\t\t\t<\/div>","protected":false},"excerpt":{"rendered":"<p>Panorama Hotel \u201cAm Frankenstein\u201d Salzunger Stra\u00dfe 100 36433 Bad Salzungen OT Witzelroda +49 3695 858570 info@panoramahotel-am-frankenstein.de RESTAURANT \u00d6FFNUNGSZEITEN Mittwoch \u2013 Samstag ab 17:00 Uhr Sonntag ab 11:30 Uhr Gruppenreservierungen auf Anfrage auch au\u00dferhalb der regul\u00e4ren \u00d6ffnungszeiten m\u00f6glich. Kontaktieren Sie uns EVENT ANFRAGEN Teilen Sie uns Art der Veranstaltung, Termin und G\u00e4steanzahl mit. Anfrage senden Oder [&hellip;]<\/p>\n","protected":false},"author":1,"featured_media":2448,"parent":0,"menu_order":0,"comment_status":"closed","ping_status":"closed","template":"page-full-width.php","meta":{"footnotes":""},"class_list":["post-2614","page","type-page","status-publish","has-post-thumbnail","hentry"],"yoast_head":"<!-- This site is optimized with the Yoast SEO plugin v27.2 - https:\/\/yoast.com\/product\/yoast-seo-wordpress\/ -->\n<title>Kontakt - TEST Panorama-Hotel<\/title>\n<meta name=\"robots\" content=\"noindex, follow, max-snippet:-1, max-image-preview:large, max-video-preview:-1\" \/>\n<meta property=\"og:locale\" content=\"en_GB\" \/>\n<meta property=\"og:type\" content=\"article\" \/>\n<meta property=\"og:title\" content=\"Kontakt - TEST Panorama-Hotel\" \/>\n<meta property=\"og:description\" content=\"Panorama Hotel \u201cAm Frankenstein\u201d Salzunger Stra\u00dfe 100 36433 Bad Salzungen OT Witzelroda +49 3695 858570 info@panoramahotel-am-frankenstein.de RESTAURANT \u00d6FFNUNGSZEITEN Mittwoch \u2013 Samstag ab 17:00 Uhr Sonntag ab 11:30 Uhr Gruppenreservierungen auf Anfrage auch au\u00dferhalb der regul\u00e4ren \u00d6ffnungszeiten m\u00f6glich. Kontaktieren Sie uns EVENT ANFRAGEN Teilen Sie uns Art der Veranstaltung, Termin und G\u00e4steanzahl mit. Anfrage senden Oder [&hellip;]\" \/>\n<meta property=\"og:url\" content=\"https:\/\/panorama.bluewhiteagency.com\/en\/kontakt\/\" \/>\n<meta property=\"og:site_name\" content=\"TEST Panorama-Hotel\" \/>\n<meta property=\"article:modified_time\" content=\"2026-03-31T08:33:17+00:00\" \/>\n<meta property=\"og:image\" content=\"https:\/\/panorama.bluewhiteagency.com\/wp-content\/uploads\/2026\/03\/Panorama-Hotel-44.webp\" \/>\n\t<meta property=\"og:image:width\" content=\"1613\" \/>\n\t<meta property=\"og:image:height\" content=\"1152\" \/>\n\t<meta property=\"og:image:type\" content=\"image\/webp\" \/>\n<meta name=\"twitter:card\" content=\"summary_large_image\" \/>\n<meta name=\"twitter:label1\" content=\"Estimated reading time\" \/>\n\t<meta name=\"twitter:data1\" content=\"1 minute\" \/>\n<script type=\"application\/ld+json\" class=\"yoast-schema-graph\">{\"@context\":\"https:\/\/schema.org\",\"@graph\":[{\"@type\":\"WebPage\",\"@id\":\"https:\/\/panorama.bluewhiteagency.com\/kontakt\/\",\"url\":\"https:\/\/panorama.bluewhiteagency.com\/kontakt\/\",\"name\":\"Kontakt - TEST Panorama-Hotel\",\"isPartOf\":{\"@id\":\"https:\/\/panorama.bluewhiteagency.com\/#website\"},\"primaryImageOfPage\":{\"@id\":\"https:\/\/panorama.bluewhiteagency.com\/kontakt\/#primaryimage\"},\"image\":{\"@id\":\"https:\/\/panorama.bluewhiteagency.com\/kontakt\/#primaryimage\"},\"thumbnailUrl\":\"https:\/\/panorama.bluewhiteagency.com\/wp-content\/uploads\/2026\/03\/Panorama-Hotel-44.webp\",\"datePublished\":\"2026-03-25T15:39:14+00:00\",\"dateModified\":\"2026-03-31T08:33:17+00:00\",\"breadcrumb\":{\"@id\":\"https:\/\/panorama.bluewhiteagency.com\/kontakt\/#breadcrumb\"},\"inLanguage\":\"en-GB\",\"potentialAction\":[{\"@type\":\"ReadAction\",\"target\":[\"https:\/\/panorama.bluewhiteagency.com\/kontakt\/\"]}]},{\"@type\":\"ImageObject\",\"inLanguage\":\"en-GB\",\"@id\":\"https:\/\/panorama.bluewhiteagency.com\/kontakt\/#primaryimage\",\"url\":\"https:\/\/panorama.bluewhiteagency.com\/wp-content\/uploads\/2026\/03\/Panorama-Hotel-44.webp\",\"contentUrl\":\"https:\/\/panorama.bluewhiteagency.com\/wp-content\/uploads\/2026\/03\/Panorama-Hotel-44.webp\",\"width\":1613,\"height\":1152},{\"@type\":\"BreadcrumbList\",\"@id\":\"https:\/\/panorama.bluewhiteagency.com\/kontakt\/#breadcrumb\",\"itemListElement\":[{\"@type\":\"ListItem\",\"position\":1,\"name\":\"Home\",\"item\":\"https:\/\/panorama.bluewhiteagency.com\/\"},{\"@type\":\"ListItem\",\"position\":2,\"name\":\"Kontakt\"}]},{\"@type\":\"WebSite\",\"@id\":\"https:\/\/panorama.bluewhiteagency.com\/#website\",\"url\":\"https:\/\/panorama.bluewhiteagency.com\/\",\"name\":\"TEST Panorama-Hotel\",\"description\":\"My WordPress Blog\",\"potentialAction\":[{\"@type\":\"SearchAction\",\"target\":{\"@type\":\"EntryPoint\",\"urlTemplate\":\"https:\/\/panorama.bluewhiteagency.com\/?s={search_term_string}\"},\"query-input\":{\"@type\":\"PropertyValueSpecification\",\"valueRequired\":true,\"valueName\":\"search_term_string\"}}],\"inLanguage\":\"en-GB\"}]}<\/script>\n<!-- \/ Yoast SEO plugin. -->","yoast_head_json":{"title":"Kontakt - TEST Panorama-Hotel","robots":{"index":"noindex","follow":"follow","max-snippet":"max-snippet:-1","max-image-preview":"max-image-preview:large","max-video-preview":"max-video-preview:-1"},"og_locale":"en_GB","og_type":"article","og_title":"Kontakt - TEST Panorama-Hotel","og_description":"Panorama Hotel \u201cAm Frankenstein\u201d Salzunger Stra\u00dfe 100 36433 Bad Salzungen OT Witzelroda +49 3695 858570 info@panoramahotel-am-frankenstein.de RESTAURANT \u00d6FFNUNGSZEITEN Mittwoch \u2013 Samstag ab 17:00 Uhr Sonntag ab 11:30 Uhr Gruppenreservierungen auf Anfrage auch au\u00dferhalb der regul\u00e4ren \u00d6ffnungszeiten m\u00f6glich. Kontaktieren Sie uns EVENT ANFRAGEN Teilen Sie uns Art der Veranstaltung, Termin und G\u00e4steanzahl mit. Anfrage senden Oder [&hellip;]","og_url":"https:\/\/panorama.bluewhiteagency.com\/en\/kontakt\/","og_site_name":"TEST Panorama-Hotel","article_modified_time":"2026-03-31T08:33:17+00:00","og_image":[{"width":1613,"height":1152,"url":"https:\/\/panorama.bluewhiteagency.com\/wp-content\/uploads\/2026\/03\/Panorama-Hotel-44.webp","type":"image\/webp"}],"twitter_card":"summary_large_image","twitter_misc":{"Estimated reading time":"1 minute"},"schema":{"@context":"https:\/\/schema.org","@graph":[{"@type":"WebPage","@id":"https:\/\/panorama.bluewhiteagency.com\/kontakt\/","url":"https:\/\/panorama.bluewhiteagency.com\/kontakt\/","name":"Kontakt - TEST Panorama-Hotel","isPartOf":{"@id":"https:\/\/panorama.bluewhiteagency.com\/#website"},"primaryImageOfPage":{"@id":"https:\/\/panorama.bluewhiteagency.com\/kontakt\/#primaryimage"},"image":{"@id":"https:\/\/panorama.bluewhiteagency.com\/kontakt\/#primaryimage"},"thumbnailUrl":"https:\/\/panorama.bluewhiteagency.com\/wp-content\/uploads\/2026\/03\/Panorama-Hotel-44.webp","datePublished":"2026-03-25T15:39:14+00:00","dateModified":"2026-03-31T08:33:17+00:00","breadcrumb":{"@id":"https:\/\/panorama.bluewhiteagency.com\/kontakt\/#breadcrumb"},"inLanguage":"en-GB","potentialAction":[{"@type":"ReadAction","target":["https:\/\/panorama.bluewhiteagency.com\/kontakt\/"]}]},{"@type":"ImageObject","inLanguage":"en-GB","@id":"https:\/\/panorama.bluewhiteagency.com\/kontakt\/#primaryimage","url":"https:\/\/panorama.bluewhiteagency.com\/wp-content\/uploads\/2026\/03\/Panorama-Hotel-44.webp","contentUrl":"https:\/\/panorama.bluewhiteagency.com\/wp-content\/uploads\/2026\/03\/Panorama-Hotel-44.webp","width":1613,"height":1152},{"@type":"BreadcrumbList","@id":"https:\/\/panorama.bluewhiteagency.com\/kontakt\/#breadcrumb","itemListElement":[{"@type":"ListItem","position":1,"name":"Home","item":"https:\/\/panorama.bluewhiteagency.com\/"},{"@type":"ListItem","position":2,"name":"Kontakt"}]},{"@type":"WebSite","@id":"https:\/\/panorama.bluewhiteagency.com\/#website","url":"https:\/\/panorama.bluewhiteagency.com\/","name":"TEST Panorama-Hotel","description":"My WordPress Blog","potentialAction":[{"@type":"SearchAction","target":{"@type":"EntryPoint","urlTemplate":"https:\/\/panorama.bluewhiteagency.com\/?s={search_term_string}"},"query-input":{"@type":"PropertyValueSpecification","valueRequired":true,"valueName":"search_term_string"}}],"inLanguage":"en-GB"}]}},"_links":{"self":[{"href":"https:\/\/panorama.bluewhiteagency.com\/en\/wp-json\/wp\/v2\/pages\/2614","targetHints":{"allow":["GET"]}}],"collection":[{"href":"https:\/\/panorama.bluewhiteagency.com\/en\/wp-json\/wp\/v2\/pages"}],"about":[{"href":"https:\/\/panorama.bluewhiteagency.com\/en\/wp-json\/wp\/v2\/types\/page"}],"author":[{"embeddable":true,"href":"https:\/\/panorama.bluewhiteagency.com\/en\/wp-json\/wp\/v2\/users\/1"}],"replies":[{"embeddable":true,"href":"https:\/\/panorama.bluewhiteagency.com\/en\/wp-json\/wp\/v2\/comments?post=2614"}],"version-history":[{"count":7,"href":"https:\/\/panorama.bluewhiteagency.com\/en\/wp-json\/wp\/v2\/pages\/2614\/revisions"}],"predecessor-version":[{"id":2621,"href":"https:\/\/panorama.bluewhiteagency.com\/en\/wp-json\/wp\/v2\/pages\/2614\/revisions\/2621"}],"wp:featuredmedia":[{"embeddable":true,"href":"https:\/\/panorama.bluewhiteagency.com\/en\/wp-json\/wp\/v2\/media\/2448"}],"wp:attachment":[{"href":"https:\/\/panorama.bluewhiteagency.com\/en\/wp-json\/wp\/v2\/media?parent=2614"}],"curies":[{"name":"wp","href":"https:\/\/api.w.org\/{rel}","templated":true}]}}